{"id":540,"date":"2020-02-29T13:10:02","date_gmt":"2020-02-29T12:10:02","guid":{"rendered":"http:\/\/www.benoitcommunication.fr\/?page_id=540"},"modified":"2020-02-29T13:44:49","modified_gmt":"2020-02-29T12:44:49","slug":"contact-2","status":"publish","type":"page","link":"https:\/\/www.benoitcommunication.fr\/?page_id=540","title":{"rendered":"CONTACT &#x1f6ce;&#xfe0f;"},"content":{"rendered":"\n<div class=\"wp-block-themeisle-blocks-advanced-columns alignwide has-2-columns has-desktop-equal-layout has-tablet-equal-layout has-mobile-collapsedRows-layout has-default-gap has-vertical-unset\" id=\"wp-block-themeisle-blocks-advanced-columns-3aeda7a9\" style=\"background-image:url( '' );background-attachment:scroll;background-position:top left;background-repeat:no-repeat;background-size:cover;border-width:0px;border-style:solid;border-color:#000000;border-radius:0px;justify-content:unset\"><div class=\"wp-themeisle-block-overlay\" style=\"background-image:url( '' );background-attachment:scroll;background-position:top left;background-repeat:no-repeat;background-size:cover;opacity:0.45;mix-blend-mode:normal\"><\/div><div class=\"innerblocks-wrap\">\n<div class=\"wp-block-themeisle-blocks-advanced-column\" id=\"wp-block-themeisle-blocks-advanced-column-deab2394\" style=\"background:#e91e63;border-width:0px;border-style:solid;border-color:#ffffff;border-radius:5px\">\n<h6 class=\"has-white-color has-text-color wp-block-heading\"><strong>Restons en contact<\/strong><\/h6>\n\n\n\n<p class=\"has-text-color has-white-color\">Email, t\u00e9l\u00e9phone, pigeon voyageur&#8230; N&rsquo;h\u00e9sitez pas.<\/p>\n\n\n\n<h6 class=\"has-white-color has-text-color wp-block-heading\"><strong>Bureau<\/strong><\/h6>\n\n\n\n<p class=\"has-text-color has-white-color\">Rue Montauban, n\u00b010, 75015 Paris, France<\/p>\n\n\n\n<h6 class=\"has-white-color has-text-color wp-block-heading\"><strong>Coup de fil<\/strong><\/h6>\n\n\n\n<p class=\"has-text-color has-white-color\">(&#8230;pas trop fort)<\/p>\n\n\n\n<p class=\"has-text-color has-white-color\">Benoit M\u00e9nager&nbsp;<br>+33 643 92 88 71<br>Lun &#8211; Ven, 8:00-21:00<\/p>\n<\/div>\n\n\n\n<div class=\"wp-block-themeisle-blocks-advanced-column\" id=\"wp-block-themeisle-blocks-advanced-column-8d35b85b\" style=\"border-width:0px;border-style:solid;border-color:#000000;border-radius:0px\">\n<div class=\"wpforms-container wpforms-container-full\" id=\"wpforms-437\"><form id=\"wpforms-form-437\" class=\"wpforms-validate wpforms-form\" data-formid=\"437\" method=\"post\" enctype=\"multipart\/form-data\" action=\"\/index.php?rest_route=%2Fwp%2Fv2%2Fpages%2F540\" data-token=\"924566988ccf49d71bd7241cf0731370\" data-token-time=\"1777987803\"><div class=\"wpforms-head-container\"><div class=\"wpforms-title\">Formulaire<\/div><\/div><noscript class=\"wpforms-error-noscript\">Veuillez activer JavaScript dans votre navigateur pour remplir ce formulaire.<\/noscript><div class=\"wpforms-field-container\"><div id=\"wpforms-437-field_0-container\" class=\"wpforms-field wpforms-field-name wpforms-one-half wpforms-first\" data-field-id=\"0\"><label class=\"wpforms-field-label wpforms-label-hide\" for=\"wpforms-437-field_0\">Nom <span class=\"wpforms-required-label\">*<\/span><\/label><input type=\"text\" id=\"wpforms-437-field_0\" class=\"wpforms-field-medium wpforms-field-required\" name=\"wpforms[fields][0]\" placeholder=\"Nom\" required><\/div><div id=\"wpforms-437-field_3-container\" class=\"wpforms-field wpforms-field-email wpforms-one-half\" data-field-id=\"3\"><label class=\"wpforms-field-label wpforms-label-hide\" for=\"wpforms-437-field_3\">Email <span class=\"wpforms-required-label\">*<\/span><\/label><input type=\"email\" id=\"wpforms-437-field_3\" class=\"wpforms-field-medium wpforms-field-required\" name=\"wpforms[fields][3]\" placeholder=\"Email\" spellcheck=\"false\" required><\/div><div id=\"wpforms-437-field_4-container\" class=\"wpforms-field wpforms-field-text\" data-field-id=\"4\"><label class=\"wpforms-field-label wpforms-label-hide\" for=\"wpforms-437-field_4\">Objet<\/label><input type=\"text\" id=\"wpforms-437-field_4\" class=\"wpforms-field-medium\" name=\"wpforms[fields][4]\" placeholder=\"Objet\" ><\/div><div id=\"wpforms-437-field_2-container\" class=\"wpforms-field wpforms-field-textarea wpforms-two-thirds wpforms-first\" data-field-id=\"2\"><label class=\"wpforms-field-label wpforms-label-hide\" for=\"wpforms-437-field_2\">Message <span class=\"wpforms-required-label\">*<\/span><\/label><textarea id=\"wpforms-437-field_2\" class=\"wpforms-field-medium wpforms-field-required\" name=\"wpforms[fields][2]\" placeholder=\"Message\" required><\/textarea><\/div><\/div><!-- .wpforms-field-container --><div class=\"wpforms-submit-container\" ><input type=\"hidden\" name=\"wpforms[id]\" value=\"437\"><input type=\"hidden\" name=\"page_title\" value=\"\"><input type=\"hidden\" name=\"page_url\" value=\"https:\/\/www.benoitcommunication.fr\/index.php?rest_route=\/wp\/v2\/pages\/540\"><input type=\"hidden\" name=\"url_referer\" value=\"\"><button type=\"submit\" name=\"wpforms[submit]\" id=\"wpforms-submit-437\" class=\"wpforms-submit\" data-alt-text=\"Envoi\" data-submit-text=\"Envoyer\" aria-live=\"assertive\" value=\"wpforms-submit\">Envoyer<\/button><\/div><\/form><\/div>  <!-- .wpforms-container -->\n<\/div>\n<\/div><\/div>\n","protected":false},"excerpt":{"rendered":"","protected":false},"author":1,"featured_media":0,"parent":0,"menu_order":0,"comment_status":"closed","ping_status":"closed","template":"","meta":{"_themeisle_gutenberg_block_has_review":false,"footnotes":""},"class_list":["post-540","page","type-page","status-publish","hentry"],"_links":{"self":[{"href":"https:\/\/www.benoitcommunication.fr\/index.php?rest_route=\/wp\/v2\/pages\/540","targetHints":{"allow":["GET"]}}],"collection":[{"href":"https:\/\/www.benoitcommunication.fr\/index.php?rest_route=\/wp\/v2\/pages"}],"about":[{"href":"https:\/\/www.benoitcommunication.fr\/index.php?rest_route=\/wp\/v2\/types\/page"}],"author":[{"embeddable":true,"href":"https:\/\/www.benoitcommunication.fr\/index.php?rest_route=\/wp\/v2\/users\/1"}],"replies":[{"embeddable":true,"href":"https:\/\/www.benoitcommunication.fr\/index.php?rest_route=%2Fwp%2Fv2%2Fcomments&post=540"}],"version-history":[{"count":9,"href":"https:\/\/www.benoitcommunication.fr\/index.php?rest_route=\/wp\/v2\/pages\/540\/revisions"}],"predecessor-version":[{"id":555,"href":"https:\/\/www.benoitcommunication.fr\/index.php?rest_route=\/wp\/v2\/pages\/540\/revisions\/555"}],"wp:attachment":[{"href":"https:\/\/www.benoitcommunication.fr\/index.php?rest_route=%2Fwp%2Fv2%2Fmedia&parent=540"}],"curies":[{"name":"wp","href":"https:\/\/api.w.org\/{rel}","templated":true}]}}