{"id":418,"date":"2020-02-21T14:56:24","date_gmt":"2020-02-21T13:56:24","guid":{"rendered":"http:\/\/www.benoitcommunication.fr\/?page_id=418"},"modified":"2025-10-29T10:20:42","modified_gmt":"2025-10-29T09:20:42","slug":"ze-team","status":"publish","type":"page","link":"https:\/\/www.benoitcommunication.fr\/?page_id=418","title":{"rendered":"Qui sommes nous ?"},"content":{"rendered":"\n<div class=\"wp-block-media-text alignwide has-media-on-the-right is-stacked-on-mobile\" style=\"grid-template-columns:auto 19%\"><div class=\"wp-block-media-text__content\">\n<h2 class=\"wp-block-heading\">Benoit M\u00e9nager<\/h2>\n\n\n\n<p>Ancien com\u00e9dien, consultant en communication et rh\u00e9torique depuis +10 ans aupr\u00e8s d&rsquo;avocats, dirigeants, managers&#8230; mon enthousiasme et mon pragmatisme sont les moteurs de TRAININGS efficaces.<\/p>\n<\/div><figure class=\"wp-block-media-text__media\"><img loading=\"lazy\" decoding=\"async\" width=\"512\" height=\"512\" src=\"https:\/\/www.benoitcommunication.fr\/wp-content\/uploads\/2025\/10\/cropped-MENAGER-BENOIT-4-scaled-1.jpg\" alt=\"\" class=\"wp-image-706 size-full\" srcset=\"https:\/\/www.benoitcommunication.fr\/wp-content\/uploads\/2025\/10\/cropped-MENAGER-BENOIT-4-scaled-1.jpg 512w, https:\/\/www.benoitcommunication.fr\/wp-content\/uploads\/2025\/10\/cropped-MENAGER-BENOIT-4-scaled-1-300x300.jpg 300w, https:\/\/www.benoitcommunication.fr\/wp-content\/uploads\/2025\/10\/cropped-MENAGER-BENOIT-4-scaled-1-150x150.jpg 150w, https:\/\/www.benoitcommunication.fr\/wp-content\/uploads\/2025\/10\/cropped-MENAGER-BENOIT-4-scaled-1-270x270.jpg 270w, https:\/\/www.benoitcommunication.fr\/wp-content\/uploads\/2025\/10\/cropped-MENAGER-BENOIT-4-scaled-1-192x192.jpg 192w, https:\/\/www.benoitcommunication.fr\/wp-content\/uploads\/2025\/10\/cropped-MENAGER-BENOIT-4-scaled-1-180x180.jpg 180w, https:\/\/www.benoitcommunication.fr\/wp-content\/uploads\/2025\/10\/cropped-MENAGER-BENOIT-4-scaled-1-32x32.jpg 32w\" sizes=\"auto, (max-width: 512px) 100vw, 512px\" \/><\/figure><\/div>\n","protected":false},"excerpt":{"rendered":"<p>Benoit M\u00e9nager Ancien com\u00e9dien, consultant en communication et rh\u00e9torique depuis +10 ans aupr\u00e8s d&rsquo;avocats, dirigeants, managers&#8230; mon enthousiasme et mon pragmatisme sont les moteurs de TRAININGS efficaces.<\/p>\n","protected":false},"author":1,"featured_media":0,"parent":0,"menu_order":0,"comment_status":"closed","ping_status":"closed","template":"","meta":{"_themeisle_gutenberg_block_has_review":false,"footnotes":""},"class_list":["post-418","page","type-page","status-publish","hentry"],"_links":{"self":[{"href":"https:\/\/www.benoitcommunication.fr\/index.php?rest_route=\/wp\/v2\/pages\/418","targetHints":{"allow":["GET"]}}],"collection":[{"href":"https:\/\/www.benoitcommunication.fr\/index.php?rest_route=\/wp\/v2\/pages"}],"about":[{"href":"https:\/\/www.benoitcommunication.fr\/index.php?rest_route=\/wp\/v2\/types\/page"}],"author":[{"embeddable":true,"href":"https:\/\/www.benoitcommunication.fr\/index.php?rest_route=\/wp\/v2\/users\/1"}],"replies":[{"embeddable":true,"href":"https:\/\/www.benoitcommunication.fr\/index.php?rest_route=%2Fwp%2Fv2%2Fcomments&post=418"}],"version-history":[{"count":12,"href":"https:\/\/www.benoitcommunication.fr\/index.php?rest_route=\/wp\/v2\/pages\/418\/revisions"}],"predecessor-version":[{"id":708,"href":"https:\/\/www.benoitcommunication.fr\/index.php?rest_route=\/wp\/v2\/pages\/418\/revisions\/708"}],"wp:attachment":[{"href":"https:\/\/www.benoitcommunication.fr\/index.php?rest_route=%2Fwp%2Fv2%2Fmedia&parent=418"}],"curies":[{"name":"wp","href":"https:\/\/api.w.org\/{rel}","templated":true}]}}